{"id":227,"date":"2025-03-09T16:50:23","date_gmt":"2025-03-09T16:50:23","guid":{"rendered":"https:\/\/furtadofalck.com.br\/?page_id=227"},"modified":"2026-02-20T15:55:21","modified_gmt":"2026-02-20T15:55:21","slug":"pv","status":"publish","type":"page","link":"https:\/\/furtadofalck.com.br\/","title":{"rendered":"PV"},"content":{"rendered":"\t\t<div data-elementor-type=\"wp-page\" data-elementor-id=\"227\" class=\"elementor elementor-227\" data-elementor-post-type=\"page\">\n\t\t\t\t<div class=\"elementor-element elementor-element-657f06ab e-flex e-con-boxed e-con e-parent\" data-id=\"657f06ab\" data-element_type=\"container\" data-e-type=\"container\" data-settings=\"{&quot;background_background&quot;:&quot;slideshow&quot;,&quot;background_slideshow_gallery&quot;:[{&quot;id&quot;:60,&quot;url&quot;:&quot;https:\\\/\\\/furtadofalck.com.br\\\/wp-content\\\/uploads\\\/2025\\\/02\\\/real-estate-agent-delivering-sample-homes-to-customers-mortgage-loan-contracts-make-a-contract-for-e1695041729988.jpg&quot;},{&quot;id&quot;:51,&quot;url&quot;:&quot;https:\\\/\\\/furtadofalck.com.br\\\/wp-content\\\/uploads\\\/2025\\\/02\\\/millennial-couple-buying-new-apartment-shaking-hands-with-realtor-e1695129370216.jpg&quot;}],&quot;background_slideshow_ken_burns&quot;:&quot;yes&quot;,&quot;background_slideshow_loop&quot;:&quot;yes&quot;,&quot;background_slideshow_slide_duration&quot;:5000,&quot;background_slideshow_slide_transition&quot;:&quot;fade&quot;,&quot;background_slideshow_transition_duration&quot;:500,&quot;background_slideshow_ken_burns_zoom_direction&quot;:&quot;in&quot;}\">\n\t\t\t\t\t<div class=\"e-con-inner\">\n\t\t<div class=\"elementor-element elementor-element-15d92bf2 e-con-full e-flex e-con e-child\" data-id=\"15d92bf2\" data-element_type=\"container\" data-e-type=\"container\">\n\t\t\t\t<div class=\"elementor-element elementor-element-812c554 elementor-widget elementor-widget-heading\" data-id=\"812c554\" data-element_type=\"widget\" data-e-type=\"widget\" data-widget_type=\"heading.default\">\n\t\t\t\t<div class=\"elementor-widget-container\">\n\t\t\t\t\t<h2 class=\"elementor-heading-title elementor-size-default\">Advocacia Imobili\u00e1ria, Invent\u00e1rios e Planejamento Sucess\u00f3rio<\/h2>\t\t\t\t<\/div>\n\t\t\t\t<\/div>\n\t\t\t\t<div class=\"elementor-element elementor-element-774fb157 elementor-invisible elementor-widget elementor-widget-heading\" data-id=\"774fb157\" data-element_type=\"widget\" data-e-type=\"widget\" data-settings=\"{&quot;_animation&quot;:&quot;fadeInUp&quot;}\" data-widget_type=\"heading.default\">\n\t\t\t\t<div class=\"elementor-widget-container\">\n\t\t\t\t\t<h2 class=\"elementor-heading-title elementor-size-default\">FURTADO FALCK ADVOCACIA E CONSULTORIA JUR\u00cdDICA<\/h2>\t\t\t\t<\/div>\n\t\t\t\t<\/div>\n\t\t\t\t<div class=\"elementor-element elementor-element-3bcaaefb elementor-invisible elementor-widget elementor-widget-text-editor\" data-id=\"3bcaaefb\" data-element_type=\"widget\" data-e-type=\"widget\" data-settings=\"{&quot;_animation&quot;:&quot;fadeInUp&quot;,&quot;_animation_delay&quot;:360}\" data-widget_type=\"text-editor.default\">\n\t\t\t\t<div class=\"elementor-widget-container\">\n\t\t\t\t\t\t\t\t\t<article class=\"w-full text-token-text-primary focus-visible:outline-2 focus-visible:outline-offset-[-4px]\" dir=\"auto\" data-testid=\"conversation-turn-9\" data-scroll-anchor=\"true\"><div class=\"text-base my-auto mx-auto py-[18px] px-6\"><div class=\"mx-auto flex flex-1 text-base gap-4 md:gap-5 lg:gap-6 md:max-w-3xl\"><div class=\"group\/conversation-turn relative flex w-full min-w-0 flex-col agent-turn @xs\/thread:px-0 @sm\/thread:px-1.5 @md\/thread:px-4\"><div class=\"flex-col gap-1 md:gap-3\"><div class=\"flex max-w-full flex-col flex-grow\"><div class=\"min-h-8 text-message relative flex w-full flex-col items-end gap-2 whitespace-normal break-words text-start [.text-message+&amp;]:mt-5\" dir=\"auto\" data-message-author-role=\"assistant\" data-message-id=\"c280bdc3-771d-48e7-be0d-b045d1f0e0d8\" data-message-model-slug=\"gpt-4o\"><div class=\"flex w-full flex-col gap-1 empty:hidden first:pt-[3px]\"><div class=\"markdown prose w-full break-words dark:prose-invert dark\"><p data-start=\"216\" data-end=\"554\" data-is-last-node=\"\" data-is-only-node=\"\"><span style=\"vertical-align: inherit;\"><span style=\"vertical-align: inherit;\">Especialista em Direito Imobili\u00e1rio e Direito Empresarial, oferecemos solu\u00e7\u00f5es eficientes e personalizadas para proteger seu patrim\u00f4nio e garantir a seguran\u00e7a jur\u00eddica necess\u00e1ria.<\/span><\/span><\/p><\/div><\/div><\/div><\/div><\/div><\/div><\/div><\/div><\/article>\t\t\t\t\t\t\t\t<\/div>\n\t\t\t\t<\/div>\n\t\t\t\t<\/div>\n\t\t\t\t\t<\/div>\n\t\t\t\t<\/div>\n\t\t<div class=\"elementor-element elementor-element-44740af1 e-flex e-con-boxed e-con e-parent\" data-id=\"44740af1\" data-element_type=\"container\" data-e-type=\"container\" data-settings=\"{&quot;background_background&quot;:&quot;classic&quot;}\">\n\t\t\t\t\t<div class=\"e-con-inner\">\n\t\t<div class=\"elementor-element elementor-element-32b5d995 e-con-full e-flex e-con e-child\" data-id=\"32b5d995\" data-element_type=\"container\" data-e-type=\"container\">\n\t\t\t\t<div class=\"elementor-element elementor-element-28960046 elementor-widget__width-inherit elementor-invisible elementor-widget elementor-widget-heading\" data-id=\"28960046\" data-element_type=\"widget\" data-e-type=\"widget\" data-settings=\"{&quot;_animation&quot;:&quot;fadeIn&quot;,&quot;_animation_delay&quot;:480}\" data-widget_type=\"heading.default\">\n\t\t\t\t<div class=\"elementor-widget-container\">\n\t\t\t\t\t<h2 class=\"elementor-heading-title elementor-size-default\"> Experi\u00eancia e Compromisso com Resultados\n\n<\/h2>\t\t\t\t<\/div>\n\t\t\t\t<\/div>\n\t\t\t\t<div class=\"elementor-element elementor-element-11309cd1 elementor-invisible elementor-widget elementor-widget-heading\" data-id=\"11309cd1\" data-element_type=\"widget\" data-e-type=\"widget\" data-settings=\"{&quot;_animation&quot;:&quot;fadeInUp&quot;}\" data-widget_type=\"heading.default\">\n\t\t\t\t<div class=\"elementor-widget-container\">\n\t\t\t\t\t<h2 class=\"elementor-heading-title elementor-size-default\"> Solu\u00e7\u00f5es Jur\u00eddicas Estrat\u00e9gicas em Direito Imobili\u00e1rio, Invent\u00e1rios e Planejamento Sucess\u00f3rio<\/h2>\t\t\t\t<\/div>\n\t\t\t\t<\/div>\n\t\t\t\t<div class=\"elementor-element elementor-element-eaabbc8 elementor-widget elementor-widget-text-editor\" data-id=\"eaabbc8\" data-element_type=\"widget\" data-e-type=\"widget\" data-widget_type=\"text-editor.default\">\n\t\t\t\t<div class=\"elementor-widget-container\">\n\t\t\t\t\t\t\t\t\t<article class=\"w-full text-token-text-primary focus-visible:outline-2 focus-visible:outline-offset-[-4px]\" dir=\"auto\" data-testid=\"conversation-turn-11\" data-scroll-anchor=\"true\"><div class=\"text-base my-auto mx-auto py-[18px] px-6\"><div class=\"mx-auto flex flex-1 text-base gap-4 md:gap-5 lg:gap-6 md:max-w-3xl\"><div class=\"group\/conversation-turn relative flex w-full min-w-0 flex-col agent-turn @xs\/thread:px-0 @sm\/thread:px-1.5 @md\/thread:px-4\"><div class=\"flex-col gap-1 md:gap-3\"><div class=\"flex max-w-full flex-col flex-grow\"><div class=\"min-h-8 text-message relative flex w-full flex-col items-end gap-2 whitespace-normal break-words text-start [.text-message+&amp;]:mt-5\" dir=\"auto\" data-message-author-role=\"assistant\" data-message-id=\"08f95c7f-fbbd-4711-a736-19dcde007ab5\" data-message-model-slug=\"gpt-4o\"><div class=\"flex w-full flex-col gap-1 empty:hidden first:pt-[3px]\"><div class=\"markdown prose w-full break-words dark:prose-invert dark\"><p data-start=\"143\" data-end=\"627\" data-is-last-node=\"\" data-is-only-node=\"\"><span style=\"vertical-align: inherit;\"><span style=\"vertical-align: inherit;\"><span style=\"vertical-align: inherit;\"><span style=\"vertical-align: inherit;\"><span style=\"vertical-align: inherit;\"><span style=\"vertical-align: inherit;\">Na Furtado Falck Advocacia, unimos expertise e inova\u00e7\u00e3o para oferecer assessoria completa, garantindo suporte jur\u00eddico para nossos clientes.\u00a0<\/span><\/span><\/span><\/span><\/span><\/span><\/p><p data-start=\"143\" data-end=\"627\" data-is-last-node=\"\" data-is-only-node=\"\"><span style=\"vertical-align: inherit;\"><span style=\"vertical-align: inherit;\"><span style=\"vertical-align: inherit;\"><span style=\"vertical-align: inherit;\"><span style=\"vertical-align: inherit;\"><span style=\"vertical-align: inherit;\">Com mais de 10 anos de experi\u00eancia, atuamos com regulariza\u00e7\u00e3o de im\u00f3veis, leil\u00f5es, contratos, consultoria jur\u00eddica, negocia\u00e7\u00e3o extrajudicial e processos judiciais. Nosso compromisso \u00e9 proporcionar seguran\u00e7a, transpar\u00eancia e efici\u00eancia em cada etapa.<\/span><\/span><\/span><\/span><\/span><\/span><\/p><\/div><\/div><\/div><\/div><\/div><\/div><\/div><\/div><\/article>\t\t\t\t\t\t\t\t<\/div>\n\t\t\t\t<\/div>\n\t\t\t\t<\/div>\n\t\t<div class=\"elementor-element elementor-element-7e0e569d e-con-full e-flex e-con e-child\" data-id=\"7e0e569d\" data-element_type=\"container\" data-e-type=\"container\">\n\t\t\t\t<div class=\"elementor-element elementor-element-558b6a16 elementor-invisible elementor-widget elementor-widget-image\" data-id=\"558b6a16\" data-element_type=\"widget\" data-e-type=\"widget\" data-settings=\"{&quot;_animation&quot;:&quot;fadeInRight&quot;}\" data-widget_type=\"image.default\">\n\t\t\t\t<div class=\"elementor-widget-container\">\n\t\t\t\t\t\t\t\t\t\t\t\t\t\t\t<img decoding=\"async\" src=\"https:\/\/furtadofalck.com.br\/wp-content\/uploads\/elementor\/thumbs\/front-view-blurry-lawyer-working1-scaled-r33gz6h4i9z4lkr3hd98vqe7xxqn5np4aahtryfqc0.jpg\" title=\"front-view-blurry-lawyer-working1\" alt=\"front-view-blurry-lawyer-working1\" loading=\"lazy\" \/>\t\t\t\t\t\t\t\t\t\t\t\t\t\t\t<\/div>\n\t\t\t\t<\/div>\n\t\t\t\t<div class=\"elementor-element elementor-element-3003adec elementor-widget__width-initial elementor-absolute elementor-invisible elementor-widget elementor-widget-elementskit-heading\" data-id=\"3003adec\" data-element_type=\"widget\" data-e-type=\"widget\" data-settings=\"{&quot;_position&quot;:&quot;absolute&quot;,&quot;_animation&quot;:&quot;rotateInUpRight&quot;}\" data-widget_type=\"elementskit-heading.default\">\n\t\t\t\t<div class=\"elementor-widget-container\">\n\t\t\t\t\t<div class=\"ekit-wid-con\" ><div class=\"ekit-heading elementskit-section-title-wraper text_left   ekit_heading_tablet-   ekit_heading_mobile-\"><h2 class=\"ekit-heading--title elementskit-section-title \">10<span><span>+<\/span><\/span><\/h2><h3 class=\"ekit-heading--subtitle elementskit-section-subtitle  \">\n\t\t\t\t\t\tAnos de Experi\u00eancia\n\t\t\t\t\t<\/h3>\t\t\t\t<div class='ekit-heading__description'>\n\t\t\t\t\t<p><span style=\"vertical-align: inherit\"><span style=\"vertical-align: inherit\"><span style=\"vertical-align: inherit\"><span style=\"vertical-align: inherit\"><span style=\"vertical-align: inherit\"><span style=\"vertical-align: inherit\">Ao longo dos anos, conquistamos a confian\u00e7a de clientes que buscam seguran\u00e7a e solu\u00e7\u00f5es jur\u00eddicas.<\/span><\/span><\/span><\/span><\/span><\/span><\/p>\n\t\t\t\t<\/div>\n\t\t\t<\/div><\/div>\t\t\t\t<\/div>\n\t\t\t\t<\/div>\n\t\t\t\t<\/div>\n\t\t\t\t\t<\/div>\n\t\t\t\t<\/div>\n\t\t<div class=\"elementor-element elementor-element-b89a2e6 e-flex e-con-boxed e-con e-parent\" data-id=\"b89a2e6\" data-element_type=\"container\" data-e-type=\"container\">\n\t\t\t\t\t<div class=\"e-con-inner\">\n\t\t<div class=\"elementor-element elementor-element-59d57c5d e-con-full e-flex elementor-invisible e-con e-child\" data-id=\"59d57c5d\" data-element_type=\"container\" data-e-type=\"container\" data-settings=\"{&quot;animation&quot;:&quot;fadeInLeft&quot;,&quot;animation_delay&quot;:240}\">\n\t\t\t\t<div class=\"elementor-element elementor-element-582f2a09 elementor-view-default elementor-position-block-start elementor-mobile-position-block-start elementor-widget elementor-widget-icon-box\" data-id=\"582f2a09\" data-element_type=\"widget\" data-e-type=\"widget\" data-widget_type=\"icon-box.default\">\n\t\t\t\t<div class=\"elementor-widget-container\">\n\t\t\t\t\t\t\t<div class=\"elementor-icon-box-wrapper\">\n\n\t\t\t\t\t\t<div class=\"elementor-icon-box-icon\">\n\t\t\t\t<a href=\"https:\/\/furtadofalck.com.br\/?page_id=14\" class=\"elementor-icon\" tabindex=\"-1\" aria-label=\" Solu\u00e7\u00f5es Jur\u00eddicas para Im\u00f3veis\">\n\t\t\t\t<i aria-hidden=\"true\" class=\"icon icon-users\"><\/i>\t\t\t\t<\/a>\n\t\t\t<\/div>\n\t\t\t\n\t\t\t\t\t\t<div class=\"elementor-icon-box-content\">\n\n\t\t\t\t\t\t\t\t\t<h3 class=\"elementor-icon-box-title\">\n\t\t\t\t\t\t<a href=\"https:\/\/furtadofalck.com.br\/?page_id=14\" >\n\t\t\t\t\t\t\t Solu\u00e7\u00f5es Jur\u00eddicas para Im\u00f3veis\t\t\t\t\t\t<\/a>\n\t\t\t\t\t<\/h3>\n\t\t\t\t\n\t\t\t\t\t\t\t\t\t<p class=\"elementor-icon-box-description\">\n\t\t\t\t\t\tContamos com expertise na \u00e1rea de Direito Imobili\u00e1rio para oferecer solu\u00e7\u00f5es completas e seguras. Conhe\u00e7a nossas especialidades e descubra como podemos proteger seu patrim\u00f4nio e garantir decis\u00f5es estrat\u00e9gicas com seguran\u00e7a jur\u00eddica.\t\t\t\t\t<\/p>\n\t\t\t\t\n\t\t\t<\/div>\n\t\t\t\n\t\t<\/div>\n\t\t\t\t\t\t<\/div>\n\t\t\t\t<\/div>\n\t\t\t\t<div class=\"elementor-element elementor-element-e81da46 elementor-align-justify elementor-widget elementor-widget-button\" data-id=\"e81da46\" data-element_type=\"widget\" data-e-type=\"widget\" data-widget_type=\"button.default\">\n\t\t\t\t<div class=\"elementor-widget-container\">\n\t\t\t\t\t\t\t\t\t<div class=\"elementor-button-wrapper\">\n\t\t\t\t\t<a class=\"elementor-button elementor-button-link elementor-size-sm\" href=\"https:\/\/furtadofalck.com.br\/?page_id=14\">\n\t\t\t\t\t\t<span class=\"elementor-button-content-wrapper\">\n\t\t\t\t\t\t\t\t\t<span class=\"elementor-button-text\">QUERO ESSE SERVI\u00c7O<\/span>\n\t\t\t\t\t<\/span>\n\t\t\t\t\t<\/a>\n\t\t\t\t<\/div>\n\t\t\t\t\t\t\t\t<\/div>\n\t\t\t\t<\/div>\n\t\t\t\t<\/div>\n\t\t<div class=\"elementor-element elementor-element-29b017ac e-con-full e-flex elementor-invisible e-con e-child\" data-id=\"29b017ac\" data-element_type=\"container\" data-e-type=\"container\" data-settings=\"{&quot;animation&quot;:&quot;fadeInLeft&quot;,&quot;animation_delay&quot;:120}\">\n\t\t\t\t<div class=\"elementor-element elementor-element-22f1002e elementor-view-default elementor-position-block-start elementor-mobile-position-block-start elementor-widget elementor-widget-icon-box\" data-id=\"22f1002e\" data-element_type=\"widget\" data-e-type=\"widget\" data-widget_type=\"icon-box.default\">\n\t\t\t\t<div class=\"elementor-widget-container\">\n\t\t\t\t\t\t\t<div class=\"elementor-icon-box-wrapper\">\n\n\t\t\t\t\t\t<div class=\"elementor-icon-box-icon\">\n\t\t\t\t<a href=\"https:\/\/furtadofalck.com.br\/?page_id=194\" class=\"elementor-icon\" tabindex=\"-1\" aria-label=\"Invent\u00e1rio e Planejemento Sucess\u00f3rio\">\n\t\t\t\t<svg aria-hidden=\"true\" class=\"e-font-icon-svg e-fas-home\" viewBox=\"0 0 576 512\" xmlns=\"http:\/\/www.w3.org\/2000\/svg\"><path d=\"M280.37 148.26L96 300.11V464a16 16 0 0 0 16 16l112.06-.29a16 16 0 0 0 15.92-16V368a16 16 0 0 1 16-16h64a16 16 0 0 1 16 16v95.64a16 16 0 0 0 16 16.05L464 480a16 16 0 0 0 16-16V300L295.67 148.26a12.19 12.19 0 0 0-15.3 0zM571.6 251.47L488 182.56V44.05a12 12 0 0 0-12-12h-56a12 12 0 0 0-12 12v72.61L318.47 43a48 48 0 0 0-61 0L4.34 251.47a12 12 0 0 0-1.6 16.9l25.5 31A12 12 0 0 0 45.15 301l235.22-193.74a12.19 12.19 0 0 1 15.3 0L530.9 301a12 12 0 0 0 16.9-1.6l25.5-31a12 12 0 0 0-1.7-16.93z\"><\/path><\/svg>\t\t\t\t<\/a>\n\t\t\t<\/div>\n\t\t\t\n\t\t\t\t\t\t<div class=\"elementor-icon-box-content\">\n\n\t\t\t\t\t\t\t\t\t<h3 class=\"elementor-icon-box-title\">\n\t\t\t\t\t\t<a href=\"https:\/\/furtadofalck.com.br\/?page_id=194\" >\n\t\t\t\t\t\t\tInvent\u00e1rio e Planejemento Sucess\u00f3rio\t\t\t\t\t\t<\/a>\n\t\t\t\t\t<\/h3>\n\t\t\t\t\n\t\t\t\t\t\t\t\t\t<p class=\"elementor-icon-box-description\">\n\t\t\t\t\t\tAtua\u00e7\u00e3o completa na condu\u00e7\u00e3o de invent\u00e1rios judiciais e extrajudiciais, com gest\u00e3o t\u00e9cnica, estrat\u00e9gica e segura de todo o procedimento.\nAtuamos com testamentos, holdings familiares, doa\u00e7\u00f5es e reorganiza\u00e7\u00e3o patrimonial, garantindo tranquilidade. \t\t\t\t\t<\/p>\n\t\t\t\t\n\t\t\t<\/div>\n\t\t\t\n\t\t<\/div>\n\t\t\t\t\t\t<\/div>\n\t\t\t\t<\/div>\n\t\t\t\t<div class=\"elementor-element elementor-element-b7470dc elementor-align-justify elementor-widget elementor-widget-button\" data-id=\"b7470dc\" data-element_type=\"widget\" data-e-type=\"widget\" data-widget_type=\"button.default\">\n\t\t\t\t<div class=\"elementor-widget-container\">\n\t\t\t\t\t\t\t\t\t<div class=\"elementor-button-wrapper\">\n\t\t\t\t\t<a class=\"elementor-button elementor-button-link elementor-size-sm\" href=\"https:\/\/furtadofalck.com.br\/?page_id=194\">\n\t\t\t\t\t\t<span class=\"elementor-button-content-wrapper\">\n\t\t\t\t\t\t\t\t\t<span class=\"elementor-button-text\">QUERO ESSE SERVI\u00c7O<\/span>\n\t\t\t\t\t<\/span>\n\t\t\t\t\t<\/a>\n\t\t\t\t<\/div>\n\t\t\t\t\t\t\t\t<\/div>\n\t\t\t\t<\/div>\n\t\t\t\t<\/div>\n\t\t\t\t\t<\/div>\n\t\t\t\t<\/div>\n\t\t<div class=\"elementor-element elementor-element-de968ca e-flex e-con-boxed e-con e-parent\" data-id=\"de968ca\" data-element_type=\"container\" data-e-type=\"container\" data-settings=\"{&quot;background_background&quot;:&quot;classic&quot;}\">\n\t\t\t\t\t<div class=\"e-con-inner\">\n\t\t<div class=\"elementor-element elementor-element-1eda6f5 e-con-full e-flex elementor-invisible e-con e-child\" data-id=\"1eda6f5\" data-element_type=\"container\" data-e-type=\"container\" data-settings=\"{&quot;animation&quot;:&quot;fadeInUp&quot;}\">\n\t\t\t\t<div class=\"elementor-element elementor-element-368aabe elementor-widget__width-initial elementor-widget elementor-widget-image\" data-id=\"368aabe\" data-element_type=\"widget\" data-e-type=\"widget\" data-widget_type=\"image.default\">\n\t\t\t\t<div class=\"elementor-widget-container\">\n\t\t\t\t\t\t\t\t\t\t\t\t\t\t\t<img fetchpriority=\"high\" decoding=\"async\" width=\"850\" height=\"335\" src=\"https:\/\/furtadofalck.com.br\/wp-content\/uploads\/2025\/02\/marca-fundo-transparente-1.png\" class=\"attachment-full size-full wp-image-79\" alt=\"\" srcset=\"https:\/\/furtadofalck.com.br\/wp-content\/uploads\/2025\/02\/marca-fundo-transparente-1.png 850w, https:\/\/furtadofalck.com.br\/wp-content\/uploads\/2025\/02\/marca-fundo-transparente-1-300x118.png 300w, https:\/\/furtadofalck.com.br\/wp-content\/uploads\/2025\/02\/marca-fundo-transparente-1-768x303.png 768w\" sizes=\"(max-width: 850px) 100vw, 850px\" \/>\t\t\t\t\t\t\t\t\t\t\t\t\t\t\t<\/div>\n\t\t\t\t<\/div>\n\t\t\t\t<div class=\"elementor-element elementor-element-dfce59e elementor-widget elementor-widget-text-editor\" data-id=\"dfce59e\" data-element_type=\"widget\" data-e-type=\"widget\" data-widget_type=\"text-editor.default\">\n\t\t\t\t<div class=\"elementor-widget-container\">\n\t\t\t\t\t\t\t\t\t<p data-start=\"60\" data-end=\"191\"><span style=\"vertical-align: inherit;\"><span style=\"vertical-align: inherit;\">Prestando servi\u00e7os jur\u00eddicos de excel\u00eancia, com inova\u00e7\u00e3o e qualidade para garantir a seguran\u00e7a jur\u00eddica e o sucesso de nossos clientes.<\/span><\/span><\/p><p data-start=\"60\" data-end=\"191\">OABRJ 176195<\/p>\t\t\t\t\t\t\t\t<\/div>\n\t\t\t\t<\/div>\n\t\t\t\t<\/div>\n\t\t\t\t\t<\/div>\n\t\t\t\t<\/div>\n\t\t<div class=\"elementor-element elementor-element-7e4431b e-flex e-con-boxed e-con e-parent\" data-id=\"7e4431b\" data-element_type=\"container\" data-e-type=\"container\" data-settings=\"{&quot;background_background&quot;:&quot;classic&quot;}\">\n\t\t\t\t\t<div class=\"e-con-inner\">\n\t\t<div class=\"elementor-element elementor-element-e04b73c e-con-full e-flex e-con e-child\" data-id=\"e04b73c\" data-element_type=\"container\" data-e-type=\"container\">\n\t\t\t\t<div class=\"elementor-element elementor-element-6044c9f elementor-widget elementor-widget-heading\" data-id=\"6044c9f\" data-element_type=\"widget\" data-e-type=\"widget\" data-widget_type=\"heading.default\">\n\t\t\t\t<div class=\"elementor-widget-container\">\n\t\t\t\t\t<h2 class=\"elementor-heading-title elementor-size-default\">Copyright \u00a9 2025 Furtado Falck Advocacia e Consultoria Jur\u00eddica. Todos os direitos reservados.<\/h2>\t\t\t\t<\/div>\n\t\t\t\t<\/div>\n\t\t\t\t<\/div>\n\t\t\t\t\t<\/div>\n\t\t\t\t<\/div>\n\t\t\t\t<\/div>\n\t\t","protected":false},"excerpt":{"rendered":"<p>Advocacia Imobili\u00e1ria, Invent\u00e1rios e Planejamento Sucess\u00f3rio FURTADO FALCK ADVOCACIA E CONSULTORIA JUR\u00cdDICA Especialista em Direito Imobili\u00e1rio e Direito Empresarial, oferecemos solu\u00e7\u00f5es eficientes e personalizadas para proteger seu patrim\u00f4nio e garantir a seguran\u00e7a jur\u00eddica necess\u00e1ria. Experi\u00eancia e Compromisso com Resultados Solu\u00e7\u00f5es Jur\u00eddicas Estrat\u00e9gicas em Direito Imobili\u00e1rio, Invent\u00e1rios e Planejamento Sucess\u00f3rio Na Furtado Falck Advocacia, unimos expertise [&hellip;]<\/p>\n","protected":false},"author":1,"featured_media":0,"parent":0,"menu_order":0,"comment_status":"closed","ping_status":"closed","template":"elementor_canvas","meta":{"footnotes":""},"class_list":["post-227","page","type-page","status-publish","hentry"],"_links":{"self":[{"href":"https:\/\/furtadofalck.com.br\/index.php?rest_route=\/wp\/v2\/pages\/227","targetHints":{"allow":["GET"]}}],"collection":[{"href":"https:\/\/furtadofalck.com.br\/index.php?rest_route=\/wp\/v2\/pages"}],"about":[{"href":"https:\/\/furtadofalck.com.br\/index.php?rest_route=\/wp\/v2\/types\/page"}],"author":[{"embeddable":true,"href":"https:\/\/furtadofalck.com.br\/index.php?rest_route=\/wp\/v2\/users\/1"}],"replies":[{"embeddable":true,"href":"https:\/\/furtadofalck.com.br\/index.php?rest_route=%2Fwp%2Fv2%2Fcomments&post=227"}],"version-history":[{"count":25,"href":"https:\/\/furtadofalck.com.br\/index.php?rest_route=\/wp\/v2\/pages\/227\/revisions"}],"predecessor-version":[{"id":389,"href":"https:\/\/furtadofalck.com.br\/index.php?rest_route=\/wp\/v2\/pages\/227\/revisions\/389"}],"wp:attachment":[{"href":"https:\/\/furtadofalck.com.br\/index.php?rest_route=%2Fwp%2Fv2%2Fmedia&parent=227"}],"curies":[{"name":"wp","href":"https:\/\/api.w.org\/{rel}","templated":true}]}}